{"id":409,"date":"2024-05-29T04:33:41","date_gmt":"2024-05-29T02:33:41","guid":{"rendered":"https:\/\/fascia-bioenergie.fr\/?page_id=409"},"modified":"2024-09-08T18:56:21","modified_gmt":"2024-09-08T16:56:21","slug":"les-fascias","status":"publish","type":"page","link":"https:\/\/fascia-bioenergie.fr\/index.php\/les-fascias\/","title":{"rendered":"\u00a0 LA FASCIATHERAPIE"},"content":{"rendered":"\n<p>&nbsp;Les Fasciae&nbsp;sont d\u00e9sign\u00e9s comme un <strong>r\u00e9seau de support<\/strong>, reliant diff\u00e9rentes structures anatomiques entre elles.<\/p>\n\n\n\n<p class=\"has-text-align-center\"><span class=\"wixui-rich-texttext\"><b><span lang=\"FR\">POURQUOI FAIRE UNE S\u00c9ANCE DE FASCIABIOENERGIE ?<\/span><\/b><\/span><\/p>\n\n\n\n<p>La fasciabio\u00e9nergie est une m\u00e9thode de soin manuel innovante qui se concentre sur les fasciae, des tissus conjonctifs qui soutiennent et relient toutes les structures du corps. Une s\u00e9ance de fasciabio\u00e9nergie est particuli\u00e8rement b\u00e9n\u00e9fique pour lib\u00e9rer les tensions et les blocages tissulaires, souvent responsables de douleurs chroniques ou aigu\u00ebs telles que les lombalgies, les cervicalgies, et les sciatiques. En travaillant de mani\u00e8re subtile et pr\u00e9cise, le praticien aide le corps \u00e0 retrouver sa mobilit\u00e9 et son \u00e9quilibre naturel.<\/p>\n\n\n\n<p>Cette approche holistique prend \u00e9galement en compte les aspects \u00e9nerg\u00e9tiques, favorisant ainsi l&rsquo;harmonisation des centres \u00e9nerg\u00e9tiques et des m\u00e9ridiens. Cela permet non seulement de soulager les douleurs physiques, mais aussi de r\u00e9duire le stress, l&rsquo;anxi\u00e9t\u00e9 et la fatigue, contribuant ainsi \u00e0 un bien-\u00eatre global. La fasciabio\u00e9nergie est indiqu\u00e9e pour les personnes souffrant de troubles musculo-squelettiques, de traumatismes, de migraines, ainsi que pour celles en p\u00e9riode de chimioth\u00e9rapie. En aidant le corps \u00e0 mobiliser ses capacit\u00e9s d&rsquo;auto-r\u00e9gulation, elle encourage un retour \u00e0 la sant\u00e9 et \u00e0 l&rsquo;\u00e9quilibre.<\/p>\n\n\n\n<p>Ils s&rsquo;insinuent donc partout, soutenant, prot\u00e9geant, et cloisonnant chaque partie de notre corps (muscles et groupes musculaires, os et articulations, art\u00e8res, nerfs, organes, glandes, etc.). <em>Le fascia<strong> \u00ab unit et s\u00e9pare tout, s\u00e9pare et unit tout \u00bb <\/strong>(L. et M. Issartel, 1983)<\/em>.<\/p>\n\n\n\n<div class=\"wp-block-media-text alignfull is-stacked-on-mobile is-vertically-aligned-center\" style=\"grid-template-columns:35% auto\"><figure class=\"wp-block-media-text__media\"><img loading=\"lazy\" decoding=\"async\" width=\"193\" height=\"600\" src=\"https:\/\/fascia-bioenergie.fr\/wp-content\/uploads\/2024\/05\/N\u00b02-fasciatherapie_HOMME.jpg\" alt=\"\" class=\"wp-image-412 size-full\"\/><\/figure><div class=\"wp-block-media-text__content\">\n<p><strong><br>&nbsp;INDIQUEE POUR<\/strong><\/p>\n\n\n\n<p>Les<strong> personnes anxieuses<\/strong>, en situation de stress, de fatigue, de burn-out, etc.<\/p>\n\n\n\n<p>Les <strong>douleurs chroniques<\/strong> telles que l\u2019arthrose, les lombalgies, les cervicalgies, la fibromyalgie, les rhumatismes.<\/p>\n\n\n\n<p>Les <strong>douleurs aigu\u00ebs<\/strong>, telles que les lumbagos, les sciatiques, les cruralgies, les torticolis, les tendinites.<\/p>\n\n\n\n<p>La<strong> traumatologie<\/strong> : entorses, pathologies musculaires, apr\u00e8s une intervention chirurgicale, en m\u00e9decine du sport.<\/p>\n\n\n\n<p>Les <strong>pathologies de la sph\u00e8re cr\u00e2nienne<\/strong>&nbsp;: c\u00e9phal\u00e9es, migraines, n\u00e9vralgies d\u2019Arnold ou du trijumeau, acouph\u00e8nes.<\/p>\n\n\n\n<p>Les <strong>pathologies de la sph\u00e8re abdominale et uro-gyn\u00e9cologiques<\/strong> : troubles du transit, syndrome du c\u00f4lon irritable, n\u00e9vralgies pudendales, r\u00e8gles douloureuses.<\/p>\n\n\n\n<p><strong>Les soins de support<\/strong> : accompagnement pendant les p\u00e9riodes de chimioth\u00e9rapie\u2026<\/p>\n<\/div><\/div>\n\n\n\n<div class=\"wp-block-group alignfull has-text-color has-background\" style=\"color:#000000;background-color:#ffffff\"><div class=\"wp-block-group__inner-container is-layout-flow wp-block-group-is-layout-flow\">\n<div style=\"height:64px\" aria-hidden=\"true\" class=\"wp-block-spacer\"><\/div>\n\n\n\n<p class=\"has-text-align-center has-small-font-size\" style=\"line-height:.9\"><\/p>\n\n\n\n<div class=\"wp-block-query is-layout-flow wp-block-query-is-layout-flow\"><ul class=\"wp-block-post-template is-layout-flow wp-block-post-template-is-layout-flow\"><li class=\"wp-block-post post-66 post type-post status-publish format-standard hentry category-non-classe\"><\/li><\/ul>\n\n\n<h2 class=\"wp-block-heading\">La fasciabio\u00e9nergie vise l&rsquo;optimisation <\/h2>\n\n\n\n<p>On penserait \u00e0 priori que la Fascia\u00e9nergie, est une sorte de soin \u00e9nerg\u00e9tique du visage.<\/p>\n\n\n\n<p>Cette technique vient du mot \u00ab\u00a0fascia\u00a0\u00bb qui d\u00e9signe le tissu conjonctif qui recouvre l\u2019ensemble des muscles et des organes, de la t\u00eate aux pieds, de la profondeur \u00e0 la p\u00e9riph\u00e9rie. Ces fascias sont en partie \u00e9lastiques, et peuvent absorber un stress physique ou psychologique entra\u00eenant une crispation de certaines zones.<\/p>\n\n\n\n<p>Le r\u00f4le du praticien r\u00f4le consiste \u00e0 rep\u00e9rer les zones de tension et, \u00e0 l\u2019aide, de manipulations ou encore d\u2019immobilisations en des points d\u2019appui manuels bien pr\u00e9cis, \u00e0 les rendre de nouveau mobiles et mall\u00e9ables. A terme, la fasciabio\u00e9nergie r\u00e9\u00e9quilibre et stimule le potentiel \u00e9nerg\u00e9tique. En cela, elle est tr\u00e8s proche de l\u2019ost\u00e9opathie.<\/p>\n<\/div>\n<\/div><\/div>\n\n\n\n<div class=\"wp-block-query is-layout-flow wp-block-query-is-layout-flow\">\n<div class=\"wp-block-columns alignfull is-layout-flex wp-container-core-columns-is-layout-1 wp-block-columns-is-layout-flex\">\n<div class=\"wp-block-column is-layout-flow wp-block-column-is-layout-flow\" style=\"flex-basis:50%\">\n<figure class=\"wp-block-image size-full is-resized\"><img loading=\"lazy\" decoding=\"async\" width=\"800\" height=\"490\" src=\"https:\/\/fascia-bioenergie.fr\/wp-content\/uploads\/2024\/05\/corps-pour-fibromyalgie-800x490-1.png\" alt=\"\" class=\"wp-image-419\" style=\"width:818px;height:auto\" srcset=\"https:\/\/fascia-bioenergie.fr\/wp-content\/uploads\/2024\/05\/corps-pour-fibromyalgie-800x490-1.png 800w, https:\/\/fascia-bioenergie.fr\/wp-content\/uploads\/2024\/05\/corps-pour-fibromyalgie-800x490-1-300x184.png 300w, https:\/\/fascia-bioenergie.fr\/wp-content\/uploads\/2024\/05\/corps-pour-fibromyalgie-800x490-1-768x470.png 768w\" sizes=\"(max-width: 800px) 100vw, 800px\" \/><\/figure>\n<\/div>\n<\/div>\n<\/div>\n\n\n\n<div class=\"wp-block-media-text is-stacked-on-mobile\"><figure class=\"wp-block-media-text__media\"><img loading=\"lazy\" decoding=\"async\" width=\"1024\" height=\"583\" src=\"https:\/\/fascia-bioenergie.fr\/wp-content\/uploads\/2024\/05\/fascia-reseau-continu-1024x583.webp\" alt=\"\" class=\"wp-image-418 size-full\" srcset=\"https:\/\/fascia-bioenergie.fr\/wp-content\/uploads\/2024\/05\/fascia-reseau-continu-1024x583.webp 1024w, https:\/\/fascia-bioenergie.fr\/wp-content\/uploads\/2024\/05\/fascia-reseau-continu-300x171.webp 300w, https:\/\/fascia-bioenergie.fr\/wp-content\/uploads\/2024\/05\/fascia-reseau-continu-768x437.webp 768w, https:\/\/fascia-bioenergie.fr\/wp-content\/uploads\/2024\/05\/fascia-reseau-continu-1536x875.webp 1536w, https:\/\/fascia-bioenergie.fr\/wp-content\/uploads\/2024\/05\/fascia-reseau-continu.webp 2048w\" sizes=\"(max-width: 1024px) 100vw, 1024px\" \/><\/figure><div class=\"wp-block-media-text__content\">\n<ul class=\"wp-block-list\">\n<li>Du traitement&nbsp;des traumatismes physiques<\/li>\n\n\n\n<li>\u200bDes fonctions physiologiques<\/li>\n\n\n\n<li>\u200bDe l&rsquo;\u00e9quilibre neuro-v\u00e9g\u00e9tatif<\/li>\n\n\n\n<li>De l&rsquo;\u00e9quilibre&nbsp;Energ\u00e9tique<\/li>\n\n\n\n<li>\u200bDe l&rsquo;\u00e9quilibre psychique et \u00e9motionnel<\/li>\n<\/ul>\n<\/div><\/div>\n\n\n\n<p class=\"has-text-align-center\"><mark style=\"background-color:rgba(0, 0, 0, 0)\" class=\"has-inline-color has-vivid-red-color\">La fasciabio\u00e9nergie ne se substitue \u00e0 aucun traitement m\u00e9dical<\/mark><\/p>\n","protected":false},"excerpt":{"rendered":"<p>&nbsp;Les Fasciae&nbsp;sont d\u00e9sign\u00e9s comme un r\u00e9seau de support, reliant diff\u00e9rentes structures anatomiques entre elles. POURQUOI FAIRE UNE S\u00c9ANCE DE FASCIABIOENERGIE ? La fasciabio\u00e9nergie est une&#8230;<\/p>\n","protected":false},"author":1,"featured_media":0,"parent":0,"menu_order":0,"comment_status":"closed","ping_status":"closed","template":"","meta":{"footnotes":""},"class_list":["post-409","page","type-page","status-publish","hentry"],"jetpack_sharing_enabled":true,"_links":{"self":[{"href":"https:\/\/fascia-bioenergie.fr\/index.php\/wp-json\/wp\/v2\/pages\/409"}],"collection":[{"href":"https:\/\/fascia-bioenergie.fr\/index.php\/wp-json\/wp\/v2\/pages"}],"about":[{"href":"https:\/\/fascia-bioenergie.fr\/index.php\/wp-json\/wp\/v2\/types\/page"}],"author":[{"embeddable":true,"href":"https:\/\/fascia-bioenergie.fr\/index.php\/wp-json\/wp\/v2\/users\/1"}],"replies":[{"embeddable":true,"href":"https:\/\/fascia-bioenergie.fr\/index.php\/wp-json\/wp\/v2\/comments?post=409"}],"version-history":[{"count":8,"href":"https:\/\/fascia-bioenergie.fr\/index.php\/wp-json\/wp\/v2\/pages\/409\/revisions"}],"predecessor-version":[{"id":443,"href":"https:\/\/fascia-bioenergie.fr\/index.php\/wp-json\/wp\/v2\/pages\/409\/revisions\/443"}],"wp:attachment":[{"href":"https:\/\/fascia-bioenergie.fr\/index.php\/wp-json\/wp\/v2\/media?parent=409"}],"curies":[{"name":"wp","href":"https:\/\/api.w.org\/{rel}","templated":true}]}}