{"id":264,"date":"2021-05-05T19:20:17","date_gmt":"2021-05-05T17:20:17","guid":{"rendered":"https:\/\/fascia-bioenergie.fr\/?page_id=264"},"modified":"2021-05-05T20:18:30","modified_gmt":"2021-05-05T18:18:30","slug":"systeme-lymphatique","status":"publish","type":"page","link":"https:\/\/fascia-bioenergie.fr\/index.php\/systeme-lymphatique\/","title":{"rendered":"SYSTEME LYMPHATIQUE"},"content":{"rendered":"\n<div class=\"wp-block-image\"><figure class=\"alignright size-large is-resized\"><img loading=\"lazy\" decoding=\"async\" src=\"https:\/\/fascia-bioenergie.fr\/wp-content\/uploads\/2021\/05\/jf.jpg\" alt=\"\" class=\"wp-image-265\" width=\"438\" height=\"879\"\/><\/figure><\/div>\n\n\n\n<p><strong>INTERPRETATION<\/strong><\/p>\n\n\n\n<p>Est en lien avec l\u2019universel, l\u2019infini, ce qui est cach\u00e9. (Humide, lent, \u00e9motif)<\/p>\n\n\n\n<p>Le syst\u00e8me lymphatique demande de dissoudre les vielles structures<sup>\u0081<\/sup>, les vielles croyances, les vieux sch\u00e9mas, les illusions (relation victime-sauveur), de l\u00e2cher prise, d\u2019arr\u00eater de fuir ou de se sacrifier.<\/p>\n\n\n\n<p>Des n\u0153uds lymphatiques bloqu\u00e9s font suite \u00e0 un blocage \u00e9motionnel ou un renoncement de ses \u00e9motions, nous laissant ainsi sans protection et vuln\u00e9rable \u00e0 tous poisons envahisseurs ou n\u00e9fastes de certains sentiments.<\/p>\n\n\n\n<p>Des difficult\u00e9s de communication avec les autres qui nous affecte \u00e9motionnellement ou nous cause des peurs dans nos relations avec les autres.<\/p>\n\n\n\n<p>Une forme de nostalgie face \u00e0 sa vie (manifestation de ganglions).<\/p>\n\n\n\n<p>La mauvaise gestion de nos pens\u00e9es, de nos \u00e9motions entra\u00eene une mauvaise circulation de la lymphe. Nous devons revenir \u00e0 l&rsquo;essentiel et mettre notre attention sur les vraies valeurs de la vie plut\u00f4t que sur le mat\u00e9riel et les choses dont nous avons l&rsquo;impression de manquer.<\/p>\n\n\n\n<p><strong>FONCTION<\/strong><\/p>\n\n\n\n<p>Le Syst\u00e8me lymphatique est le plus grand syst\u00e8me circulatoire du corps o\u00f9 circule la lymphe. Contrairement au syst\u00e8me sanguin qui est la partie Yang (chaud), le syst\u00e8me lymphatique est la partie Yin (froid) de la circulation.<\/p>\n\n\n\n<p><strong>La fonction principale<\/strong> du syst\u00e8me lymphatique est d\u2019\u00e9liminer les toxines et de se prot\u00e9ger contre les envahisseurs nuisibles.<\/p>\n\n\n\n<p><strong>Le mouvement du syst\u00e8me lymphatique<\/strong> est bas\u00e9 sur le mouvement du diaphragme (la respiration) et le mouvement du corps physique (contractions musculaires).<\/p>\n\n\n\n<p>Le syst\u00e8me lymphatique touche presque toutes les parties du corps Un r\u00e9seau de n\u0153uds, de vaisseaux, de glandes et d\u2019organes remplis de liquide appel\u00e9 la lymphe.<\/p>\n\n\n\n<p><\/p>\n\n\n\n<p>Ce syst\u00e8me joue un r\u00f4le essentiel au niveau de nos d\u00e9fenses immunitaires ; il filtre (ganglions lymphatiques et la rate) les substances \u00e9trang\u00e8res, ainsi que les d\u00e9bris cellulaires du sang et les d\u00e9truit et il produit des globules blancs (moelle osseuse et le thymus) nomm\u00e9s lymphocytes.<\/p>\n\n\n\n<p>Liquide qui assure notamment la circulation des lymphocytes (les globules blancs) connus pour leur r\u00f4le dans le syst\u00e8me immunitaire, des nutriments et des d\u00e9chets.<\/p>\n\n\n\n<p>La lymphe est comme les drains de notre \u00ab\u00a0maison int\u00e9rieure<strong><sup>\u0081<\/sup><\/strong>\u00ab\u00a0. La lymphe est une voie de d\u00e9toxification essentielle.<\/p>\n\n\n\n<p><strong>SYSTEME LYMPHATIQUE DEFAILLANT<\/strong><\/p>\n\n\n\n<p>Le syst\u00e8me lymphatique s\u2019affaiblit avec :<\/p>\n\n\n\n<ul class=\"wp-block-list\"><li><strong>Le stress<\/strong> cr\u00e9e un environnement acide, les d\u00e9s\u00e9quilibres digestifs (la majorit\u00e9 de la lymphe dans le corps entoure les tissus intestinaux lymphatiques associ\u00e9s au tube digestif)<\/li><li><strong>La congestion des toxines<\/strong> (\u00e9motions, eau, air, moisissures, produits de soin personnel, prot\u00e9ines endommag\u00e9es et d\u00e9chets cellulaires \/ m\u00e9taboliques).<\/li><li><strong>Une carence en iode<\/strong>.<\/li><\/ul>\n\n\n\n<p>Votre syst\u00e8me lymphatique peut facilement devenir stagnant, surtout lorsqu\u2019il est submerg\u00e9 par des d\u00e9bris toxiques.<\/p>\n\n\n\n<p>Cela entra\u00eene non seulement une immunit\u00e9 et des maladies alt\u00e9r\u00e9es, mais \u00e9galement le d\u00e9veloppement de la cellulite, d\u2019\u0153d\u00e8mes (r\u00e9tention d\u2019eau), de douleurs chroniques et articulaires et de d\u00e9p\u00f4ts graisseux.<\/p>\n\n\n\n<p><strong>Un flux lymphatique lent<\/strong> peut aussi \u00eatre \u00e0 l\u2019origine&nbsp;:<\/p>\n\n\n\n<ul class=\"wp-block-list\"><li>D\u2019une sinusite chronique ;<\/li><li>Gonflement des glandes, des chevilles et des yeux ;<\/li><li>Ecz\u00e9ma ;<\/li><li>Arthrite ;<\/li><li>Infections des voies respiratoires sup\u00e9rieures, des sinus et des oreilles ;<\/li><\/ul>\n\n\n\n<p><strong>CONSEILS BIEN-ETRE POUR DETOXIQUER LA LYMPHE :&nbsp;<\/strong><\/p>\n\n\n\n<ul class=\"wp-block-list\"><li>Hydratez-vous avec de l\u2019eau<\/li><li>\u00c9vitez les exc\u00e8s de prot\u00e9ines animales<\/li><li>Aliments bons pour la lymphe : fruits rouges, riches en&nbsp;vitamine P, betteraves, curcuma, jus de l\u00e9gumes frais, les germinations (germe de bl\u00e9) \u2026<\/li><\/ul>\n","protected":false},"excerpt":{"rendered":"<p>INTERPRETATION Est en lien avec l\u2019universel, l\u2019infini, ce qui est cach\u00e9. (Humide, lent, \u00e9motif) Le syst\u00e8me lymphatique demande de dissoudre les vielles structures\u0081, les vielles&#8230;<\/p>\n","protected":false},"author":1,"featured_media":0,"parent":0,"menu_order":0,"comment_status":"closed","ping_status":"closed","template":"","meta":{"footnotes":""},"class_list":["post-264","page","type-page","status-publish","hentry"],"jetpack_sharing_enabled":true,"_links":{"self":[{"href":"https:\/\/fascia-bioenergie.fr\/index.php\/wp-json\/wp\/v2\/pages\/264"}],"collection":[{"href":"https:\/\/fascia-bioenergie.fr\/index.php\/wp-json\/wp\/v2\/pages"}],"about":[{"href":"https:\/\/fascia-bioenergie.fr\/index.php\/wp-json\/wp\/v2\/types\/page"}],"author":[{"embeddable":true,"href":"https:\/\/fascia-bioenergie.fr\/index.php\/wp-json\/wp\/v2\/users\/1"}],"replies":[{"embeddable":true,"href":"https:\/\/fascia-bioenergie.fr\/index.php\/wp-json\/wp\/v2\/comments?post=264"}],"version-history":[{"count":4,"href":"https:\/\/fascia-bioenergie.fr\/index.php\/wp-json\/wp\/v2\/pages\/264\/revisions"}],"predecessor-version":[{"id":278,"href":"https:\/\/fascia-bioenergie.fr\/index.php\/wp-json\/wp\/v2\/pages\/264\/revisions\/278"}],"wp:attachment":[{"href":"https:\/\/fascia-bioenergie.fr\/index.php\/wp-json\/wp\/v2\/media?parent=264"}],"curies":[{"name":"wp","href":"https:\/\/api.w.org\/{rel}","templated":true}]}}